{"id":59,"date":"2026-01-30T16:11:49","date_gmt":"2026-01-30T16:11:49","guid":{"rendered":"http:\/\/e-krispy.de\/?page_id=59"},"modified":"2026-01-30T16:14:35","modified_gmt":"2026-01-30T16:14:35","slug":"start","status":"publish","type":"page","link":"http:\/\/e-krispy.de\/?page_id=59","title":{"rendered":"F\u00fcr alle, die zu lange allein waren. Hier darfst du ankommen."},"content":{"rendered":"\n<div class=\"wp-block-group alignfull is-layout-constrained wp-block-group-is-layout-constrained\" style=\"margin-top:0;margin-bottom:0\">\n<div class=\"wp-block-columns alignfull is-layout-flex wp-container-core-columns-is-layout-9c22b1e3 wp-block-columns-is-layout-flex\">\n<div class=\"wp-block-column is-layout-flow wp-block-column-is-layout-flow\" style=\"padding-top:var(--wp--preset--spacing--60);padding-bottom:var(--wp--preset--spacing--60);flex-basis:55%\">\n<figure class=\"wp-block-image aligncenter size-large is-resized is-style-rounded\"><img loading=\"lazy\" decoding=\"async\" width=\"1024\" height=\"961\" src=\"http:\/\/e-krispy.de\/wp-content\/uploads\/2026\/01\/person-6-Kopie-1024x961.png\" alt=\"\" class=\"wp-image-74\" style=\"aspect-ratio:1.065557777669382;object-fit:cover;width:250px\" srcset=\"http:\/\/e-krispy.de\/wp-content\/uploads\/2026\/01\/person-6-Kopie-1024x961.png 1024w, http:\/\/e-krispy.de\/wp-content\/uploads\/2026\/01\/person-6-Kopie-300x282.png 300w, http:\/\/e-krispy.de\/wp-content\/uploads\/2026\/01\/person-6-Kopie-768x721.png 768w, http:\/\/e-krispy.de\/wp-content\/uploads\/2026\/01\/person-6-Kopie.png 1048w\" sizes=\"auto, (max-width: 1024px) 100vw, 1024px\" \/><\/figure>\n<\/div>\n\n\n\n<div class=\"wp-block-column is-vertically-aligned-center is-layout-flow wp-block-column-is-layout-flow\" style=\"padding-top:var(--wp--preset--spacing--60);padding-right:var(--wp--preset--spacing--60);padding-bottom:var(--wp--preset--spacing--60);padding-left:var(--wp--preset--spacing--60)\">\n<h2 class=\"wp-block-heading has-xx-large-font-size has-small-font-size\"><\/h2>\n\n\n\n<p>Dark Gay Romance &amp; Found Family.<\/p>\n\n\n\n<p>Geschichten \u00fcber N\u00e4he, Vertrauen \u2013 und das stille Wunder, endlich zu geh\u00f6ren<\/p>\n\n\n\n<p class=\"has-medium-font-size\">Hier beginnen wir.<\/p>\n<\/div>\n<\/div>\n<\/div>\n\n\n\n<div class=\"wp-block-group alignfull is-layout-constrained wp-block-group-is-layout-constrained\" style=\"margin-top:0;margin-bottom:0;padding-top:var(--wp--preset--spacing--50);padding-bottom:var(--wp--preset--spacing--50)\">\n<div class=\"wp-block-columns alignwide is-layout-flex wp-container-core-columns-is-layout-fa584acd wp-block-columns-is-layout-flex\">\n<div class=\"wp-block-column is-vertically-aligned-center is-layout-flow wp-block-column-is-layout-flow\">\n<h2 class=\"wp-block-heading has-xx-large-font-size\">\u00dcber das Buch<\/h2>\n\n\n\n<p class=\"has-medium-font-size\">Diese exquisite Zusammenstellung zeigt eine Vielzahl von Fotografien, die die Essenz verschiedener Epochen und Kulturen einfangen und die einzigartigen Stile und Perspektiven der einzelnen K\u00fcnstler widerspiegeln. Fleckensteins stimmungsvolle Bilder, Strands bahnbrechender modernistischer Ansatz und K\u014dnos akribische Dokumentation des japanischen Lebens f\u00fcgen sich zu einer harmonischen Mischung zusammen, die die Kunst der Fotografie feiert. Jedes Bild in \u201eThe Stories Book\u201c wird von einem aufschlussreichen Kommentar begleitet, der den historischen Kontext und die Geschichten hinter den Fotografien offenbart. Diese Sammlung ist nicht nur ein visueller Leckerbissen, sondern auch eine Hommage an die Kraft der Fotografie, die vielf\u00e4ltigen Erfahrungen der Menschheit zu bewahren und zu erz\u00e4hlen.<\/p>\n<\/div>\n\n\n\n<div class=\"wp-block-column is-vertically-aligned-center is-layout-flow wp-block-column-is-layout-flow\">\n<figure class=\"wp-block-image size-full\"><img decoding=\"async\" src=\"http:\/\/e-krispy.de\/wp-content\/themes\/twentytwentyfive\/assets\/images\/book-image-landing.webp\" alt=\"Bild eines Buches\" style=\"aspect-ratio:1;object-fit:cover\"\/><\/figure>\n<\/div>\n<\/div>\n\n\n\n<p><\/p>\n<\/div>\n\n\n\n<div class=\"wp-block-group alignfull is-layout-constrained wp-block-group-is-layout-constrained\" style=\"margin-top:0;margin-bottom:0\">\n<div class=\"wp-block-group alignwide is-layout-flow wp-container-core-group-is-layout-d58a0413 wp-block-group-is-layout-flow\" style=\"padding-top:var(--wp--preset--spacing--50);padding-bottom:var(--wp--preset--spacing--50)\">\n<h2 class=\"wp-block-heading has-x-large-font-size\">H\u00e4ufig gestellte Fragen<\/h2>\n\n\n\n<div class=\"wp-block-columns is-layout-flex wp-container-core-columns-is-layout-cbe57604 wp-block-columns-is-layout-flex\">\n<div class=\"wp-block-column is-layout-flow wp-block-column-is-layout-flow\">\n<div class=\"wp-block-group is-layout-flow wp-block-group-is-layout-flow\" style=\"border-top-color:var(--wp--preset--color--accent-6);border-top-width:1px;padding-top:var(--wp--preset--spacing--30);padding-bottom:var(--wp--preset--spacing--30)\">\n<h3 class=\"wp-block-heading\">Worum geht es in The Stories Book?<\/h3>\n\n\n\n<p>Diese exquisite Zusammenstellung zeigt eine Vielzahl an Fotografien, die die Essenz verschiedener Epochen und Kulturen einfangen und die einzigartigen Stile und Perspektiven der einzelnen K\u00fcnstler widerspiegeln.<\/p>\n<\/div>\n<\/div>\n\n\n\n<div class=\"wp-block-column is-layout-flow wp-block-column-is-layout-flow\">\n<div class=\"wp-block-group is-layout-flow wp-block-group-is-layout-flow\" style=\"border-top-color:var(--wp--preset--color--accent-6);border-top-width:1px;padding-top:var(--wp--preset--spacing--30);padding-bottom:var(--wp--preset--spacing--30)\">\n<h3 class=\"wp-block-heading\">Wie viel kostet The Stories Book?<\/h3>\n\n\n\n<p>Diese exquisite Zusammenstellung zeigt eine Vielzahl an Fotografien, die die Essenz verschiedener Epochen und Kulturen einfangen und die einzigartigen Stile und Perspektiven der einzelnen K\u00fcnstler widerspiegeln.<\/p>\n<\/div>\n<\/div>\n<\/div>\n\n\n\n<div class=\"wp-block-columns is-layout-flex wp-container-core-columns-is-layout-cbe57604 wp-block-columns-is-layout-flex\">\n<div class=\"wp-block-column is-layout-flow wp-block-column-is-layout-flow\">\n<div class=\"wp-block-group is-layout-flow wp-block-group-is-layout-flow\" style=\"border-top-color:var(--wp--preset--color--accent-6);border-top-width:1px;padding-top:var(--wp--preset--spacing--30);padding-bottom:var(--wp--preset--spacing--30)\">\n<h3 class=\"wp-block-heading\">Wann wird The Stories Book ver\u00f6ffentlicht?<\/h3>\n\n\n\n<p>Diese exquisite Zusammenstellung zeigt eine Vielzahl an Fotografien, die die Essenz verschiedener Epochen und Kulturen einfangen und die einzigartigen Stile und Perspektiven der einzelnen K\u00fcnstler widerspiegeln.<\/p>\n<\/div>\n<\/div>\n\n\n\n<div class=\"wp-block-column is-layout-flow wp-block-column-is-layout-flow\">\n<div class=\"wp-block-group is-layout-flow wp-block-group-is-layout-flow\" style=\"border-top-color:var(--wp--preset--color--accent-6);border-top-width:1px;padding-top:var(--wp--preset--spacing--30);padding-bottom:var(--wp--preset--spacing--30)\">\n<h3 class=\"wp-block-heading\">Sind signierte Kopien verf\u00fcgbar?<\/h3>\n\n\n\n<p>Diese exquisite Zusammenstellung zeigt eine Vielzahl an Fotografien, die die Essenz verschiedener Epochen und Kulturen einfangen und die einzigartigen Stile und Perspektiven der einzelnen K\u00fcnstler widerspiegeln.<\/p>\n<\/div>\n<\/div>\n<\/div>\n<\/div>\n<\/div>\n\n\n\n<aside class=\"wp-block-group alignfull is-style-section-3 is-layout-constrained wp-container-core-group-is-layout-f0f2a97b wp-block-group-is-layout-constrained\" style=\"margin-top:0;margin-bottom:0;padding-top:var(--wp--preset--spacing--50);padding-right:var(--wp--preset--spacing--50);padding-bottom:var(--wp--preset--spacing--50);padding-left:var(--wp--preset--spacing--50)\">\n<div class=\"wp-block-group is-vertical is-content-justification-center is-layout-flex wp-container-core-group-is-layout-8778ca4a wp-block-group-is-layout-flex\" style=\"min-height:360px;margin-top:0;margin-bottom:0\">\n<h2 class=\"wp-block-heading has-text-align-center has-xx-large-font-size\">Melde dich zum Newsletter an<\/h2>\n\n\n\n<p class=\"has-text-align-center is-style-text-subtitle\">wenn du den monatlichen Brief von mir m\u00f6chtest. Ein leises Erinnern, dass es einen Ort gibt, an dem du sicher bist und den du besuchen kannst.<\/p>\n\n\n\n<p>Du musst nichts beweisen. Hier darfst du einfach nur sein.<\/p>\n\n\n\n<div style=\"height:0px\" aria-hidden=\"true\" class=\"wp-block-spacer wp-container-content-62aae154\"><\/div>\n\n\n\n<div class=\"wp-block-buttons is-content-justification-center is-layout-flex wp-container-core-buttons-is-layout-a89b3969 wp-block-buttons-is-layout-flex\">\n<div class=\"wp-block-button\"><a class=\"wp-block-button__link has-text-align-center wp-element-button\">Abonnieren<\/a><\/div>\n<\/div>\n<\/div>\n<\/aside>\n","protected":false},"excerpt":{"rendered":"<p>Dark Gay Romance &amp; Found Family. Geschichten \u00fcber N\u00e4he, Vertrauen \u2013 und das stille Wunder, endlich zu geh\u00f6ren Hier beginnen [&hellip;]<\/p>\n","protected":false},"author":1,"featured_media":0,"parent":0,"menu_order":1,"comment_status":"closed","ping_status":"closed","template":"","meta":{"site-sidebar-layout":"default","site-content-layout":"","ast-site-content-layout":"default","site-content-style":"default","site-sidebar-style":"default","ast-global-header-display":"","ast-banner-title-visibility":"","ast-main-header-display":"","ast-hfb-above-header-display":"","ast-hfb-below-header-display":"","ast-hfb-mobile-header-display":"","site-post-title":"","ast-breadcrumbs-content":"","ast-featured-img":"","footer-sml-layout":"","ast-disable-related-posts":"","theme-transparent-header-meta":"","adv-header-id-meta":"","stick-header-meta":"","header-above-stick-meta":"","header-main-stick-meta":"","header-below-stick-meta":"","astra-migrate-meta-layouts":"default","ast-page-background-enabled":"default","ast-page-background-meta":{"desktop":{"background-color":"var(--ast-global-color-5)","background-image":"","background-repeat":"repeat","background-position":"center center","background-size":"auto","background-attachment":"scroll","background-type":"","background-media":"","overlay-type":"","overlay-color":"","overlay-opacity":"","overlay-gradient":""},"tablet":{"background-color":"","background-image":"","background-repeat":"repeat","background-position":"center center","background-size":"auto","background-attachment":"scroll","background-type":"","background-media":"","overlay-type":"","overlay-color":"","overlay-opacity":"","overlay-gradient":""},"mobile":{"background-color":"","background-image":"","background-repeat":"repeat","background-position":"center center","background-size":"auto","background-attachment":"scroll","background-type":"","background-media":"","overlay-type":"","overlay-color":"","overlay-opacity":"","overlay-gradient":""}},"ast-content-background-meta":{"desktop":{"background-color":"var(--ast-global-color-4)","background-image":"","background-repeat":"repeat","background-position":"center center","background-size":"auto","background-attachment":"scroll","background-type":"","background-media":"","overlay-type":"","overlay-color":"","overlay-opacity":"","overlay-gradient":""},"tablet":{"background-color":"var(--ast-global-color-4)","background-image":"","background-repeat":"repeat","background-position":"center center","background-size":"auto","background-attachment":"scroll","background-type":"","background-media":"","overlay-type":"","overlay-color":"","overlay-opacity":"","overlay-gradient":""},"mobile":{"background-color":"var(--ast-global-color-4)","background-image":"","background-repeat":"repeat","background-position":"center center","background-size":"auto","background-attachment":"scroll","background-type":"","background-media":"","overlay-type":"","overlay-color":"","overlay-opacity":"","overlay-gradient":""}},"footnotes":""},"class_list":["post-59","page","type-page","status-publish","hentry"],"_links":{"self":[{"href":"http:\/\/e-krispy.de\/index.php?rest_route=\/wp\/v2\/pages\/59","targetHints":{"allow":["GET"]}}],"collection":[{"href":"http:\/\/e-krispy.de\/index.php?rest_route=\/wp\/v2\/pages"}],"about":[{"href":"http:\/\/e-krispy.de\/index.php?rest_route=\/wp\/v2\/types\/page"}],"author":[{"embeddable":true,"href":"http:\/\/e-krispy.de\/index.php?rest_route=\/wp\/v2\/users\/1"}],"replies":[{"embeddable":true,"href":"http:\/\/e-krispy.de\/index.php?rest_route=%2Fwp%2Fv2%2Fcomments&post=59"}],"version-history":[{"count":10,"href":"http:\/\/e-krispy.de\/index.php?rest_route=\/wp\/v2\/pages\/59\/revisions"}],"predecessor-version":[{"id":95,"href":"http:\/\/e-krispy.de\/index.php?rest_route=\/wp\/v2\/pages\/59\/revisions\/95"}],"wp:attachment":[{"href":"http:\/\/e-krispy.de\/index.php?rest_route=%2Fwp%2Fv2%2Fmedia&parent=59"}],"curies":[{"name":"wp","href":"https:\/\/api.w.org\/{rel}","templated":true}]}}